{"id":1336,"date":"2021-01-14T20:16:00","date_gmt":"2021-01-14T20:16:00","guid":{"rendered":"http:\/\/bauvila.com\/?page_id=1336"},"modified":"2021-01-14T20:16:00","modified_gmt":"2021-01-14T20:16:00","slug":"informacion-sobre-proteccion-de-datos","status":"publish","type":"page","link":"https:\/\/bauvila.com\/es\/informacion-sobre-proteccion-de-datos\/","title":{"rendered":"Informaci\u00f3n sobre Protecci\u00f3n de Datos"},"content":{"rendered":"\n<ol type=\"1\"><li><strong>Datos relativos al Responsable<\/strong><\/li><\/ol>\n\n\n\n<p><strong>Responsable Tratamiento<\/strong><br>&nbsp;&nbsp;&#8211; Entidad: BAU VILA SL<br>&nbsp;&nbsp;&#8211; CIF de la entidad: B60747151<br>&nbsp;&nbsp;&#8211; Direccion de la entidad: C\/ HOLANDA, 40 POLIGONO PLA DE LLERONA &#8211; (08520) FRANQUESES DEL VALLES, LES<br>&nbsp;&nbsp;&#8211; Email de la entidad: INFO@BAUVILA.COM<br>&nbsp;&nbsp;&#8211; Responsable del tratamiento : MIREIA TABERNER CANO<br>&nbsp;&nbsp;&#8211; Tel\u00e9fono del Responsable del tratamiento : 938400972<br>&nbsp;&nbsp;&#8211; Direcci\u00f3n email del Responsable del tratamiento : MIREIA@BAUVILA.COM<br><br><br><br><\/p>\n\n\n\n<ul><li><strong>Finalidades<\/strong><\/li><\/ul>\n\n\n\n<p>En cumplimiento de lo dispuesto en el Reglamento Europeo 2016\/679 General de Protecci\u00f3n de Datos y la Ley Org\u00e1nica 3\/2018 de Protecci\u00f3n de Datos Personales y Garant\u00eda de Derechos Digitales, le informamos de que, dependiendo de la relaci\u00f3n que tenga con nosotros, en&nbsp;<strong>BAU VILA SL<\/strong>&nbsp;tratamos los datos que nos facilita para alguna, o todas, las siguientes finalidades:<\/p>\n\n\n\n<ul><li>Archivo\/historial de trabajadores y extrabajadores de la empresa<ul><li>Compra\/venta de bienes y servicios.<\/li><\/ul><ul><li>Compra\/venta de material<\/li><\/ul><ul><li>Control y supervisi\u00f3n de la eficiencia y calidad de la entidad<\/li><\/ul><ul><li>Coordinaci\u00f3n de actividades empresariales<\/li><\/ul><ul><li>Creaci\u00f3n de contratos, confecci\u00f3n de n\u00f3minas y otras tareas relacionadas<\/li><\/ul><ul><li>Formaci\u00f3n<\/li><\/ul><ul><li>Gesti\u00f3n contable, administrativa, de facturaci\u00f3n y gesti\u00f3n de cobros.<\/li><\/ul><ul><li>Gesti\u00f3n contable, administrativa, de facturaci\u00f3n, de cobros y pagos<\/li><\/ul><ul><li>Mantenimiento de la relaci\u00f3n laboral y contra-prestaci\u00f3n por los trabajos realizados<\/li><\/ul><ul><li>Prestarles un servicio<\/li><\/ul><ul><li>Realizaci\u00f3n de cobro mediante TPV<\/li><\/ul><ul><li>Realizar pedidos<\/li><\/ul><ul><li>Recepci\u00f3n de la prestaci\u00f3n de un servicio<\/li><\/ul><ul><li>Tramitaci\u00f3n de altas y bajas por enfermedad com\u00fan o accidente laboral<\/li><\/ul><ul><li>Tramitaci\u00f3n de presupuestos<\/li><\/ul><ul><li>Utilizaci\u00f3n de datos derivados de las actividades de la empresa<\/li><\/ul><\/li><\/ul>\n\n\n\n<ul><li><strong>Plazo de conservaci\u00f3n de los datos<\/strong><\/li><\/ul>\n\n\n\n<p>Sus datos ser\u00e1n conservados mientras dure la relaci\u00f3n contractual, comercial o de otro tipo con nuestra entidad, solicite su supresi\u00f3n, as\u00ed como el tiempo necesario para cumplir las obligaciones legales.<\/p>\n\n\n\n<ul><li><strong>Legitimaci\u00f3n<\/strong><\/li><\/ul>\n\n\n\n<p>La base legal para el tratamiento de tus datos radica por:<\/p>\n\n\n\n<ul><li>Consentimiento inequ\u00edvoco<ul><li>Ejecuci\u00f3n de un contrato<\/li><\/ul><\/li><\/ul>\n\n\n\n<ul><li><strong>Destinatarios<\/strong><\/li><\/ul>\n\n\n\n<p>Sus datos personales ser\u00e1n comunicados a terceros en los siguientes supuestos:<\/p>\n\n\n\n<ul><li>Administraci\u00f3n tributaria<ul><li>Bancos y entidades financieras<\/li><\/ul><ul><li>Entidades de Consultor\u00eda\/Auditor\u00eda<\/li><\/ul><ul><li>Gestor\u00eda\/Asesor\u00eda<\/li><\/ul><ul><li>Seguridad social<\/li><\/ul><ul><li>Servicio de Prevenci\u00f3n de Riesgos Laborales<\/li><\/ul><\/li><\/ul>\n\n\n\n<ul><li><strong>Derechos<\/strong><\/li><\/ul>\n\n\n\n<p>Tiene derecho a obtener confirmaci\u00f3n sobre si en&nbsp;<strong>BAU VILA SL<\/strong>&nbsp;estamos tratando datos personales que le conciernan, o no.<\/p>\n\n\n\n<p>Asimismo, tiene derecho de acceso a sus datos personales, as\u00ed como a solicitar la&nbsp;<em>rectificaci\u00f3n<\/em>&nbsp;de los datos inexactos o, en su caso, solicitar su&nbsp;<em>supresi\u00f3n<\/em>&nbsp;cuando, entre otros motivos, los datos ya no sean necesarios para los fines que fueron recogidos.<\/p>\n\n\n\n<p>En determinadas circunstancias, podr\u00e1 solicitar la&nbsp;<em>limitaci\u00f3n del tratamiento<\/em>&nbsp;de sus datos, en cuyo caso \u00fanicamente los conservaremos para el ejercicio o la defensa de reclamaciones.<\/p>\n\n\n\n<p>Adicionalmente, en determinadas circunstancias y por motivos relacionados con tu situaci\u00f3n particular, podr\u00e1 ejercer el derecho de&nbsp;<em>oposici\u00f3n<\/em>&nbsp;al tratamiento de sus datos.&nbsp;<strong>BAU VILA SL<\/strong>&nbsp;dejar\u00e1 de tratar los datos, salvo por motivos leg\u00edtimos imperiosos, o el ejercicio o la defensa de posibles reclamaciones.<\/p>\n\n\n\n<p>Asimismo, puede ejercer el derecho a la&nbsp;<em>portabilidad<\/em>&nbsp;de los datos, as\u00ed como retirar los consentimientos facilitados en cualquier momento, sin que ello afecte a la licitud del tratamiento basado en el consentimiento previo a su retirada.<\/p>\n\n\n\n<p>Si desea hacer uso de cualquiera de tus derechos puede realizarlos a trav\u00e9s de los enlaces habilitados que encontrar\u00e1 a continuaci\u00f3n:<\/p>\n\n\n\n<ul><li>Para ejercer su derecho de&nbsp;<strong>Acceso<\/strong>&nbsp;haga clic&nbsp;<a href=\"https:\/\/intranet.milopd.com\/webApp\/clientes_derechos\/derechos-formulario.php?id_cliente=V0E0RFZZYTljaGcvcGh1OUtZanNtZz09\" target=\"_blank\" rel=\"noreferrer noopener\">aqu\u00ed<\/a><ul><li>Para ejercer su derecho de&nbsp;<strong>Rectificaci\u00f3n<\/strong>&nbsp;haga clic&nbsp;<a href=\"https:\/\/intranet.milopd.com\/webApp\/clientes_derechos\/derechos-formulario.php?id_cliente=V0E0RFZZYTljaGcvcGh1OUtZanNtZz09\" target=\"_blank\" rel=\"noreferrer noopener\">aqu\u00ed<\/a><\/li><\/ul><ul><li>Para ejercer su derecho de&nbsp;<strong>Supresi\u00f3n (Olvido)<\/strong>&nbsp;haga clic&nbsp;<a href=\"https:\/\/intranet.milopd.com\/webApp\/clientes_derechos\/derechos-formulario.php?id_cliente=V0E0RFZZYTljaGcvcGh1OUtZanNtZz09\" target=\"_blank\" rel=\"noreferrer noopener\">aqu\u00ed<\/a><\/li><\/ul><ul><li>Para ejercer su derecho de&nbsp;<strong>Limitaci\u00f3n del Tratamiento<\/strong>&nbsp;haga clic&nbsp;<a href=\"https:\/\/intranet.milopd.com\/webApp\/clientes_derechos\/derechos-formulario.php?id_cliente=V0E0RFZZYTljaGcvcGh1OUtZanNtZz09\" target=\"_blank\" rel=\"noreferrer noopener\">aqu\u00ed<\/a><\/li><\/ul><ul><li>Para ejercer su derecho de&nbsp;<strong>Oposici\u00f3n<\/strong>&nbsp;haga clic&nbsp;<a href=\"https:\/\/intranet.milopd.com\/webApp\/clientes_derechos\/derechos-formulario.php?id_cliente=V0E0RFZZYTljaGcvcGh1OUtZanNtZz09\" target=\"_blank\" rel=\"noreferrer noopener\">aqu\u00ed<\/a><\/li><\/ul><ul><li>Para ejercer su derecho de&nbsp;<strong>Portabilidad<\/strong>&nbsp;haga clic&nbsp;<a href=\"https:\/\/intranet.milopd.com\/webApp\/clientes_derechos\/derechos-formulario.php?id_cliente=V0E0RFZZYTljaGcvcGh1OUtZanNtZz09\" target=\"_blank\" rel=\"noreferrer noopener\">aqu\u00ed<\/a><\/li><\/ul><\/li><\/ul>\n\n\n\n<p>Alternativamente, tambi\u00e9n puede dirigirse a nosotros mediante correo postal a la siguiente direcci\u00f3n:&nbsp;<strong>C\/ HOLANDA, 40 POLIGONO PLA DE LLERONA &#8211; (08520) FRANQUESES DEL VALLES, LES<\/strong>&nbsp;adjuntado una fotocopia del DNI, para la certeza de su identidad. Recuerde facilitar la mayor informaci\u00f3n posible sobre su solicitud: Nombre y apellidos, direcci\u00f3n de correo electr\u00f3nico que utiliza para la cuenta o portal objeto de tu solicitud.<\/p>\n\n\n\n<p>Por \u00faltimo, le informamos que puede dirigirse ante la Agencia Espa\u00f1ola de Protecci\u00f3n de Datos y dem\u00e1s organismos p\u00fablicos competentes para cualquier reclamaci\u00f3n derivada del tratamiento de tus datos personales.<\/p>\n\n\n\n<ul><li><strong>Pol\u00edtica de cookies<\/strong><\/li><\/ul>\n\n\n\n<p>Para conocer las cookies que utilizamos en nuestra p\u00e1gina, recuerde que puede acceder a nuestra Pol\u00edtica de Cookies a trav\u00e9s del siguiente enlace&nbsp;<a href=\"https:\/\/intranet.milopd.com\/politicaCookies\/index.php?sid=V0E0RFZZYTljaGcvcGh1OUtZanNtZz09\" target=\"_blank\" rel=\"noreferrer noopener\">pol\u00edtica de cookies<\/a>.<\/p>\n","protected":false},"excerpt":{"rendered":"<p>Datos relativos al Responsable Responsable Tratamiento&nbsp;&nbsp;&#8211; Entidad: BAU VILA SL&nbsp;&nbsp;&#8211; CIF de la entidad: B60747151&nbsp;&nbsp;&#8211; Direccion de la entidad: C\/ HOLANDA, 40 POLIGONO PLA DE LLERONA &#8211; (08520) FRANQUESES DEL VALLES, LES&nbsp;&nbsp;&#8211; Email de la entidad: INFO@BAUVILA.COM&nbsp;&nbsp;&#8211; Responsable del tratamiento : MIREIA TABERNER CANO&nbsp;&nbsp;&#8211; Tel\u00e9fono del Responsable del tratamiento : 938400972&nbsp;&nbsp;&#8211; Direcci\u00f3n email del Responsable&hellip; <br \/> <a class=\"read-more\" href=\"https:\/\/bauvila.com\/es\/informacion-sobre-proteccion-de-datos\/\">Read more<\/a><\/p>\n","protected":false},"author":2,"featured_media":1090,"parent":0,"menu_order":0,"comment_status":"closed","ping_status":"closed","template":"","meta":[],"yoast_head":"<!-- This site is optimized with the Yoast SEO plugin v15.5 - https:\/\/yoast.com\/wordpress\/plugins\/seo\/ -->\n<title>Informaci\u00f3n sobre Protecci\u00f3n de Datos - BauVila<\/title>\n<meta name=\"robots\" content=\"index, follow, max-snippet:-1, max-image-preview:large, max-video-preview:-1\" \/>\n<link rel=\"canonical\" href=\"https:\/\/bauvila.com\/es\/informacion-sobre-proteccion-de-datos\/\" \/>\n<meta property=\"og:locale\" content=\"es_ES\" \/>\n<meta property=\"og:type\" content=\"article\" \/>\n<meta property=\"og:title\" content=\"Informaci\u00f3n sobre Protecci\u00f3n de Datos - BauVila\" \/>\n<meta property=\"og:description\" content=\"Datos relativos al Responsable Responsable Tratamiento&nbsp;&nbsp;&#8211; Entidad: BAU VILA SL&nbsp;&nbsp;&#8211; CIF de la entidad: B60747151&nbsp;&nbsp;&#8211; Direccion de la entidad: C\/ HOLANDA, 40 POLIGONO PLA DE LLERONA &#8211; (08520) FRANQUESES DEL VALLES, LES&nbsp;&nbsp;&#8211; Email de la entidad: INFO@BAUVILA.COM&nbsp;&nbsp;&#8211; Responsable del tratamiento : MIREIA TABERNER CANO&nbsp;&nbsp;&#8211; Tel\u00e9fono del Responsable del tratamiento : 938400972&nbsp;&nbsp;&#8211; Direcci\u00f3n email del Responsable&hellip; Read more\" \/>\n<meta property=\"og:url\" content=\"https:\/\/bauvila.com\/es\/informacion-sobre-proteccion-de-datos\/\" \/>\n<meta property=\"og:site_name\" content=\"BauVila\" \/>\n<meta property=\"og:image\" content=\"https:\/\/bauvila.com\/wp-content\/uploads\/2020\/12\/madera-clara-textura-valla-roble.jpg\" \/>\n\t<meta property=\"og:image:width\" content=\"626\" \/>\n\t<meta property=\"og:image:height\" content=\"417\" \/>\n<meta name=\"twitter:card\" content=\"summary_large_image\" \/>\n<meta name=\"twitter:label1\" content=\"Tiempo de lectura\">\n\t<meta name=\"twitter:data1\" content=\"3 minutos\">\n<script type=\"application\/ld+json\" class=\"yoast-schema-graph\">{\"@context\":\"https:\/\/schema.org\",\"@graph\":[{\"@type\":\"Organization\",\"@id\":\"https:\/\/bauvila.com\/#organization\",\"name\":\"Fustes BAU VILA\",\"url\":\"https:\/\/bauvila.com\/\",\"sameAs\":[\"https:\/\/www.instagram.com\/bauvila\/\"],\"logo\":{\"@type\":\"ImageObject\",\"@id\":\"https:\/\/bauvila.com\/#logo\",\"inLanguage\":\"es\",\"url\":\"https:\/\/bauvila.com\/wp-content\/uploads\/2020\/11\/cropped-logo.jpg\",\"width\":2292,\"height\":2134,\"caption\":\"Fustes BAU VILA\"},\"image\":{\"@id\":\"https:\/\/bauvila.com\/#logo\"}},{\"@type\":\"WebSite\",\"@id\":\"https:\/\/bauvila.com\/#website\",\"url\":\"https:\/\/bauvila.com\/\",\"name\":\"BauVila\",\"description\":\"\",\"publisher\":{\"@id\":\"https:\/\/bauvila.com\/#organization\"},\"potentialAction\":[{\"@type\":\"SearchAction\",\"target\":\"https:\/\/bauvila.com\/?s={search_term_string}\",\"query-input\":\"required name=search_term_string\"}],\"inLanguage\":\"es\"},{\"@type\":\"ImageObject\",\"@id\":\"https:\/\/bauvila.com\/es\/informacion-sobre-proteccion-de-datos\/#primaryimage\",\"inLanguage\":\"es\",\"url\":\"https:\/\/bauvila.com\/wp-content\/uploads\/2020\/12\/madera-clara-textura-valla-roble.jpg\",\"width\":626,\"height\":417},{\"@type\":\"WebPage\",\"@id\":\"https:\/\/bauvila.com\/es\/informacion-sobre-proteccion-de-datos\/#webpage\",\"url\":\"https:\/\/bauvila.com\/es\/informacion-sobre-proteccion-de-datos\/\",\"name\":\"Informaci\\u00f3n sobre Protecci\\u00f3n de Datos - BauVila\",\"isPartOf\":{\"@id\":\"https:\/\/bauvila.com\/#website\"},\"primaryImageOfPage\":{\"@id\":\"https:\/\/bauvila.com\/es\/informacion-sobre-proteccion-de-datos\/#primaryimage\"},\"datePublished\":\"2021-01-14T20:16:00+00:00\",\"dateModified\":\"2021-01-14T20:16:00+00:00\",\"inLanguage\":\"es\",\"potentialAction\":[{\"@type\":\"ReadAction\",\"target\":[\"https:\/\/bauvila.com\/es\/informacion-sobre-proteccion-de-datos\/\"]}]}]}<\/script>\n<!-- \/ Yoast SEO plugin. -->","_links":{"self":[{"href":"https:\/\/bauvila.com\/es\/wp-json\/wp\/v2\/pages\/1336"}],"collection":[{"href":"https:\/\/bauvila.com\/es\/wp-json\/wp\/v2\/pages"}],"about":[{"href":"https:\/\/bauvila.com\/es\/wp-json\/wp\/v2\/types\/page"}],"author":[{"embeddable":true,"href":"https:\/\/bauvila.com\/es\/wp-json\/wp\/v2\/users\/2"}],"replies":[{"embeddable":true,"href":"https:\/\/bauvila.com\/es\/wp-json\/wp\/v2\/comments?post=1336"}],"version-history":[{"count":1,"href":"https:\/\/bauvila.com\/es\/wp-json\/wp\/v2\/pages\/1336\/revisions"}],"predecessor-version":[{"id":1338,"href":"https:\/\/bauvila.com\/es\/wp-json\/wp\/v2\/pages\/1336\/revisions\/1338"}],"wp:featuredmedia":[{"embeddable":true,"href":"https:\/\/bauvila.com\/es\/wp-json\/wp\/v2\/media\/1090"}],"wp:attachment":[{"href":"https:\/\/bauvila.com\/es\/wp-json\/wp\/v2\/media?parent=1336"}],"curies":[{"name":"wp","href":"https:\/\/api.w.org\/{rel}","templated":true}]}}